{"id":243,"date":"2025-01-26T20:32:56","date_gmt":"2025-01-26T20:32:56","guid":{"rendered":"https:\/\/watchsalesacademy.ch\/ueber-die-schule\/"},"modified":"2025-07-09T15:28:32","modified_gmt":"2025-07-09T15:28:32","slug":"ueber-die-schule","status":"publish","type":"page","link":"https:\/\/watchsalesacademy.ch\/de\/ueber-die-schule\/","title":{"rendered":"GESCHICHTE DER SCHULE"},"content":{"rendered":"\t\t<div data-elementor-type=\"wp-page\" data-elementor-id=\"243\" class=\"elementor elementor-243 elementor-43\" data-elementor-post-type=\"page\">\n\t\t\t\t<div class=\"elementor-element elementor-element-fcd84ba e-flex e-con-boxed e-con e-parent\" data-id=\"fcd84ba\" data-element_type=\"container\" data-e-type=\"container\" data-settings=\"{&quot;background_background&quot;:&quot;classic&quot;}\">\n\t\t\t\t\t<div class=\"e-con-inner\">\n\t\t<div class=\"elementor-element elementor-element-b8af205 e-con-full e-flex e-con e-child\" data-id=\"b8af205\" data-element_type=\"container\" data-e-type=\"container\">\n\t\t\t\t<div class=\"elementor-element elementor-element-545d122 elementor-widget elementor-widget-heading\" data-id=\"545d122\" data-element_type=\"widget\" data-e-type=\"widget\" data-widget_type=\"heading.default\">\n\t\t\t\t<div class=\"elementor-widget-container\">\n\t\t\t\t\t<h1 class=\"elementor-heading-title elementor-size-default\">\u00dcBER DIE SCHULE<\/h1>\t\t\t\t<\/div>\n\t\t\t\t<\/div>\n\t\t\t\t<div class=\"elementor-element elementor-element-4ecbef4 elementor-widget-divider--view-line_text elementor-widget-divider--element-align-center elementor-widget elementor-widget-divider\" data-id=\"4ecbef4\" data-element_type=\"widget\" data-e-type=\"widget\" data-widget_type=\"divider.default\">\n\t\t\t\t<div class=\"elementor-widget-container\">\n\t\t\t\t\t\t\t<div class=\"elementor-divider\">\n\t\t\t<span class=\"elementor-divider-separator\">\n\t\t\t\t\t\t\t<h2 class=\"elementor-divider__text elementor-divider__element\">\n\t\t\t\tWATCH SALES ACADEMY\t\t\t\t<\/h2>\n\t\t\t\t\t\t<\/span>\n\t\t<\/div>\n\t\t\t\t\t\t<\/div>\n\t\t\t\t<\/div>\n\t\t\t\t<\/div>\n\t\t\t\t\t<\/div>\n\t\t\t\t<\/div>\n\t\t<div class=\"elementor-element elementor-element-87795f2 e-flex e-con-boxed e-con e-parent\" data-id=\"87795f2\" data-element_type=\"container\" data-e-type=\"container\" data-settings=\"{&quot;background_background&quot;:&quot;classic&quot;}\">\n\t\t\t\t\t<div class=\"e-con-inner\">\n\t\t\t\t<div class=\"elementor-element elementor-element-7dd632b elementor-widget elementor-widget-heading\" data-id=\"7dd632b\" data-element_type=\"widget\" data-e-type=\"widget\" data-widget_type=\"heading.default\">\n\t\t\t\t<div class=\"elementor-widget-container\">\n\t\t\t\t\t<h2 class=\"elementor-heading-title elementor-size-default\">GESCHICHTE DER SCHULE<\/h2>\t\t\t\t<\/div>\n\t\t\t\t<\/div>\n\t\t\t\t<div class=\"elementor-element elementor-element-5b078be elementor-widget-divider--view-line elementor-widget elementor-widget-divider\" data-id=\"5b078be\" data-element_type=\"widget\" data-e-type=\"widget\" data-widget_type=\"divider.default\">\n\t\t\t\t<div class=\"elementor-widget-container\">\n\t\t\t\t\t\t\t<div class=\"elementor-divider\">\n\t\t\t<span class=\"elementor-divider-separator\">\n\t\t\t\t\t\t<\/span>\n\t\t<\/div>\n\t\t\t\t\t\t<\/div>\n\t\t\t\t<\/div>\n\t\t\t\t<div class=\"elementor-element elementor-element-3a491d2 elementor-widget__width-initial elementor-widget elementor-widget-text-editor\" data-id=\"3a491d2\" data-element_type=\"widget\" data-e-type=\"widget\" data-widget_type=\"text-editor.default\">\n\t\t\t\t<div class=\"elementor-widget-container\">\n\t\t\t\t\t\t\t\t\t<p class=\"text-center\">Der erste Lehrgang startete im Oktober 2004 in La Chaux-de-Fonds. Heute befindet sich die Schule im Herzen von Le Locle. <\/p><p class=\"text-center\">Das Reglement wurde vom SBFI am 1. Oktober 2007 verabschiedet.<\/p><p class=\"text-center\">Der eidgen\u00f6ssische Fachausweis ist aus einer Initiative des AMS (Verband der Uhrenhersteller und des Uhrenfachhandels der Schweiz) und des VSGU (Verband Schweizer Goldschmiede und Uhrenfachgesch\u00e4fte) hervorgegangen.<\/p>\t\t\t\t\t\t\t\t<\/div>\n\t\t\t\t<\/div>\n\t\t\t\t\t<\/div>\n\t\t\t\t<\/div>\n\t\t<div class=\"elementor-element elementor-element-7b05692 e-flex e-con-boxed e-con e-parent\" data-id=\"7b05692\" data-element_type=\"container\" data-e-type=\"container\" data-settings=\"{&quot;background_background&quot;:&quot;classic&quot;}\">\n\t\t\t\t\t<div class=\"e-con-inner\">\n\t\t<div class=\"elementor-element elementor-element-49dedb8 e-con-full e-flex e-con e-child\" data-id=\"49dedb8\" data-element_type=\"container\" data-e-type=\"container\">\n\t\t\t\t<\/div>\n\t\t<div class=\"elementor-element elementor-element-f330cfb e-con-full e-flex e-con e-child\" data-id=\"f330cfb\" data-element_type=\"container\" data-e-type=\"container\">\n\t\t\t\t<div class=\"elementor-element elementor-element-9afbf13 elementor-widget elementor-widget-heading\" data-id=\"9afbf13\" data-element_type=\"widget\" data-e-type=\"widget\" data-widget_type=\"heading.default\">\n\t\t\t\t<div class=\"elementor-widget-container\">\n\t\t\t\t\t<h2 class=\"elementor-heading-title elementor-size-default\">VORTEILE<\/h2>\t\t\t\t<\/div>\n\t\t\t\t<\/div>\n\t\t\t\t<div class=\"elementor-element elementor-element-0d23be1 elementor-widget elementor-widget-heading\" data-id=\"0d23be1\" data-element_type=\"widget\" data-e-type=\"widget\" data-widget_type=\"heading.default\">\n\t\t\t\t<div class=\"elementor-widget-container\">\n\t\t\t\t\t<h2 class=\"elementor-heading-title elementor-size-default\">DER GEOGRAFISCHEN LAGE<\/h2>\t\t\t\t<\/div>\n\t\t\t\t<\/div>\n\t\t\t\t<div class=\"elementor-element elementor-element-cd8ff75 elementor-widget-divider--view-line elementor-widget elementor-widget-divider\" data-id=\"cd8ff75\" data-element_type=\"widget\" data-e-type=\"widget\" data-widget_type=\"divider.default\">\n\t\t\t\t<div class=\"elementor-widget-container\">\n\t\t\t\t\t\t\t<div class=\"elementor-divider\">\n\t\t\t<span class=\"elementor-divider-separator\">\n\t\t\t\t\t\t<\/span>\n\t\t<\/div>\n\t\t\t\t\t\t<\/div>\n\t\t\t\t<\/div>\n\t\t\t\t<div class=\"elementor-element elementor-element-4f491db elementor-widget__width-inherit elementor-widget elementor-widget-text-editor\" data-id=\"4f491db\" data-element_type=\"widget\" data-e-type=\"widget\" data-widget_type=\"text-editor.default\">\n\t\t\t\t<div class=\"elementor-widget-container\">\n\t\t\t\t\t\t\t\t\t<p>Die Schweizer Uhrenindustrie hat ihre Kompetenzen in der Wiege der Technik der Uhrmacherkunst entwickelt. Wie ein Silicon Valley bringt sie Zeitmesser wie nirgendwo anders auf der Welt hervor. Unsere Akademie ist fester Bestandteil davon.  <\/p>\t\t\t\t\t\t\t\t<\/div>\n\t\t\t\t<\/div>\n\t\t\t\t<div class=\"elementor-element elementor-element-8efabf6 elementor-widget elementor-widget-spacer\" data-id=\"8efabf6\" data-element_type=\"widget\" data-e-type=\"widget\" data-widget_type=\"spacer.default\">\n\t\t\t\t<div class=\"elementor-widget-container\">\n\t\t\t\t\t\t\t<div class=\"elementor-spacer\">\n\t\t\t<div class=\"elementor-spacer-inner\"><\/div>\n\t\t<\/div>\n\t\t\t\t\t\t<\/div>\n\t\t\t\t<\/div>\n\t\t\t\t<div class=\"elementor-element elementor-element-cb436eb elementor-mobile-align-center elementor-widget elementor-widget-button\" data-id=\"cb436eb\" data-element_type=\"widget\" data-e-type=\"widget\" data-widget_type=\"button.default\">\n\t\t\t\t<div class=\"elementor-widget-container\">\n\t\t\t\t\t\t\t\t\t<div class=\"elementor-button-wrapper\">\n\t\t\t\t\t<a class=\"elementor-button elementor-button-link elementor-size-sm\" href=\"https:\/\/watchsalesacademy.ch\/wp-content\/uploads\/2025\/06\/plan_de_situation_wsa_FR.pdf\" target=\"_blank\">\n\t\t\t\t\t\t<span class=\"elementor-button-content-wrapper\">\n\t\t\t\t\t\t<span class=\"elementor-button-icon\">\n\t\t\t\t<svg aria-hidden=\"true\" class=\"e-font-icon-svg e-fas-file-pdf\" viewBox=\"0 0 384 512\" xmlns=\"http:\/\/www.w3.org\/2000\/svg\"><path d=\"M181.9 256.1c-5-16-4.9-46.9-2-46.9 8.4 0 7.6 36.9 2 46.9zm-1.7 47.2c-7.7 20.2-17.3 43.3-28.4 62.7 18.3-7 39-17.2 62.9-21.9-12.7-9.6-24.9-23.4-34.5-40.8zM86.1 428.1c0 .8 13.2-5.4 34.9-40.2-6.7 6.3-29.1 24.5-34.9 40.2zM248 160h136v328c0 13.3-10.7 24-24 24H24c-13.3 0-24-10.7-24-24V24C0 10.7 10.7 0 24 0h200v136c0 13.2 10.8 24 24 24zm-8 171.8c-20-12.2-33.3-29-42.7-53.8 4.5-18.5 11.6-46.6 6.2-64.2-4.7-29.4-42.4-26.5-47.8-6.8-5 18.3-.4 44.1 8.1 77-11.6 27.6-28.7 64.6-40.8 85.8-.1 0-.1.1-.2.1-27.1 13.9-73.6 44.5-54.5 68 5.6 6.9 16 10 21.5 10 17.9 0 35.7-18 61.1-61.8 25.8-8.5 54.1-19.1 79-23.2 21.7 11.8 47.1 19.5 64 19.5 29.2 0 31.2-32 19.7-43.4-13.9-13.6-54.3-9.7-73.6-7.2zM377 105L279 7c-4.5-4.5-10.6-7-17-7h-6v128h128v-6.1c0-6.3-2.5-12.4-7-16.9zm-74.1 255.3c4.1-2.7-2.5-11.9-42.8-9 37.1 15.8 42.8 9 42.8 9z\"><\/path><\/svg>\t\t\t<\/span>\n\t\t\t\t\t\t\t\t\t<span class=\"elementor-button-text\">LAGEPLAN<\/span>\n\t\t\t\t\t<\/span>\n\t\t\t\t\t<\/a>\n\t\t\t\t<\/div>\n\t\t\t\t\t\t\t\t<\/div>\n\t\t\t\t<\/div>\n\t\t\t\t<div class=\"elementor-element elementor-element-cd91ba4 elementor-widget elementor-widget-spacer\" data-id=\"cd91ba4\" data-element_type=\"widget\" data-e-type=\"widget\" data-widget_type=\"spacer.default\">\n\t\t\t\t<div class=\"elementor-widget-container\">\n\t\t\t\t\t\t\t<div class=\"elementor-spacer\">\n\t\t\t<div class=\"elementor-spacer-inner\"><\/div>\n\t\t<\/div>\n\t\t\t\t\t\t<\/div>\n\t\t\t\t<\/div>\n\t\t\t\t<div class=\"elementor-element elementor-element-8ce44b9 elementor-widget elementor-widget-heading\" data-id=\"8ce44b9\" data-element_type=\"widget\" data-e-type=\"widget\" data-widget_type=\"heading.default\">\n\t\t\t\t<div class=\"elementor-widget-container\">\n\t\t\t\t\t<h2 class=\"elementor-heading-title elementor-size-default\">PHILOSOPHIE DER SCHULE<\/h2>\t\t\t\t<\/div>\n\t\t\t\t<\/div>\n\t\t\t\t<div class=\"elementor-element elementor-element-b1edb76 elementor-widget-divider--view-line elementor-widget elementor-widget-divider\" data-id=\"b1edb76\" data-element_type=\"widget\" data-e-type=\"widget\" data-widget_type=\"divider.default\">\n\t\t\t\t<div class=\"elementor-widget-container\">\n\t\t\t\t\t\t\t<div class=\"elementor-divider\">\n\t\t\t<span class=\"elementor-divider-separator\">\n\t\t\t\t\t\t<\/span>\n\t\t<\/div>\n\t\t\t\t\t\t<\/div>\n\t\t\t\t<\/div>\n\t\t\t\t<div class=\"elementor-element elementor-element-228189b elementor-widget__width-inherit elementor-widget elementor-widget-text-editor\" data-id=\"228189b\" data-element_type=\"widget\" data-e-type=\"widget\" data-widget_type=\"text-editor.default\">\n\t\t\t\t<div class=\"elementor-widget-container\">\n\t\t\t\t\t\t\t\t\t<p>Unsere Schule versteht sich als Partner f\u00fcr technische, k\u00fcnstlerische und industrielle Kreativit\u00e4t. Dank der hervorragenden Ausbildungsqualit\u00e4t nimmt die Schule einen wichtigen Platz in der Welt der sch\u00f6nsten Zeitmesser ein. <\/p>\t\t\t\t\t\t\t\t<\/div>\n\t\t\t\t<\/div>\n\t\t\t\t<div class=\"elementor-element elementor-element-0f9b846 elementor-widget elementor-widget-spacer\" data-id=\"0f9b846\" data-element_type=\"widget\" data-e-type=\"widget\" data-widget_type=\"spacer.default\">\n\t\t\t\t<div class=\"elementor-widget-container\">\n\t\t\t\t\t\t\t<div class=\"elementor-spacer\">\n\t\t\t<div class=\"elementor-spacer-inner\"><\/div>\n\t\t<\/div>\n\t\t\t\t\t\t<\/div>\n\t\t\t\t<\/div>\n\t\t\t\t<div class=\"elementor-element elementor-element-0c96b4b elementor-widget elementor-widget-heading\" data-id=\"0c96b4b\" data-element_type=\"widget\" data-e-type=\"widget\" data-widget_type=\"heading.default\">\n\t\t\t\t<div class=\"elementor-widget-container\">\n\t\t\t\t\t<h2 class=\"elementor-heading-title elementor-size-default\">Der eidgen\u00f6ssische Fachausweis richtet sich an alle, die :<\/h2>\t\t\t\t<\/div>\n\t\t\t\t<\/div>\n\t\t\t\t<div class=\"elementor-element elementor-element-58acccc elementor-widget elementor-widget-spacer\" data-id=\"58acccc\" data-element_type=\"widget\" data-e-type=\"widget\" data-widget_type=\"spacer.default\">\n\t\t\t\t<div class=\"elementor-widget-container\">\n\t\t\t\t\t\t\t<div class=\"elementor-spacer\">\n\t\t\t<div class=\"elementor-spacer-inner\"><\/div>\n\t\t<\/div>\n\t\t\t\t\t\t<\/div>\n\t\t\t\t<\/div>\n\t\t\t\t<div class=\"elementor-element elementor-element-28984ef elementor-icon-list--layout-traditional elementor-list-item-link-full_width elementor-widget elementor-widget-icon-list\" data-id=\"28984ef\" data-element_type=\"widget\" data-e-type=\"widget\" data-widget_type=\"icon-list.default\">\n\t\t\t\t<div class=\"elementor-widget-container\">\n\t\t\t\t\t\t\t<ul class=\"elementor-icon-list-items\">\n\t\t\t\t\t\t\t<li class=\"elementor-icon-list-item\">\n\t\t\t\t\t\t\t\t\t\t\t<span class=\"elementor-icon-list-icon\">\n\t\t\t\t\t\t\t<svg aria-hidden=\"true\" class=\"e-font-icon-svg e-fas-check-square\" viewBox=\"0 0 448 512\" xmlns=\"http:\/\/www.w3.org\/2000\/svg\"><path d=\"M400 480H48c-26.51 0-48-21.49-48-48V80c0-26.51 21.49-48 48-48h352c26.51 0 48 21.49 48 48v352c0 26.51-21.49 48-48 48zm-204.686-98.059l184-184c6.248-6.248 6.248-16.379 0-22.627l-22.627-22.627c-6.248-6.248-16.379-6.249-22.628 0L184 302.745l-70.059-70.059c-6.248-6.248-16.379-6.248-22.628 0l-22.627 22.627c-6.248 6.248-6.248 16.379 0 22.627l104 104c6.249 6.25 16.379 6.25 22.628.001z\"><\/path><\/svg>\t\t\t\t\t\t<\/span>\n\t\t\t\t\t\t\t\t\t\t<span class=\"elementor-icon-list-text\"><b>SICH IN DER PFLICHT SEHEN,<\/b><br>DIE KUNDEN OPTIMAL ZU BERATEN<\/span>\n\t\t\t\t\t\t\t\t\t<\/li>\n\t\t\t\t\t\t\t\t<li class=\"elementor-icon-list-item\">\n\t\t\t\t\t\t\t\t\t\t\t<span class=\"elementor-icon-list-icon\">\n\t\t\t\t\t\t\t<svg aria-hidden=\"true\" class=\"e-font-icon-svg e-fas-check-square\" viewBox=\"0 0 448 512\" xmlns=\"http:\/\/www.w3.org\/2000\/svg\"><path d=\"M400 480H48c-26.51 0-48-21.49-48-48V80c0-26.51 21.49-48 48-48h352c26.51 0 48 21.49 48 48v352c0 26.51-21.49 48-48 48zm-204.686-98.059l184-184c6.248-6.248 6.248-16.379 0-22.627l-22.627-22.627c-6.248-6.248-16.379-6.249-22.628 0L184 302.745l-70.059-70.059c-6.248-6.248-16.379-6.248-22.628 0l-22.627 22.627c-6.248 6.248-6.248 16.379 0 22.627l104 104c6.249 6.25 16.379 6.25 22.628.001z\"><\/path><\/svg>\t\t\t\t\t\t<\/span>\n\t\t\t\t\t\t\t\t\t\t<span class=\"elementor-icon-list-text\"><b>DANACH STREBEN,<\/b><br>IHRE BERUFLICHE KOMPETENZ ZU ERWEITERN<\/span>\n\t\t\t\t\t\t\t\t\t<\/li>\n\t\t\t\t\t\t\t\t<li class=\"elementor-icon-list-item\">\n\t\t\t\t\t\t\t\t\t\t\t<span class=\"elementor-icon-list-icon\">\n\t\t\t\t\t\t\t<svg aria-hidden=\"true\" class=\"e-font-icon-svg e-fas-check-square\" viewBox=\"0 0 448 512\" xmlns=\"http:\/\/www.w3.org\/2000\/svg\"><path d=\"M400 480H48c-26.51 0-48-21.49-48-48V80c0-26.51 21.49-48 48-48h352c26.51 0 48 21.49 48 48v352c0 26.51-21.49 48-48 48zm-204.686-98.059l184-184c6.248-6.248 6.248-16.379 0-22.627l-22.627-22.627c-6.248-6.248-16.379-6.249-22.628 0L184 302.745l-70.059-70.059c-6.248-6.248-16.379-6.248-22.628 0l-22.627 22.627c-6.248 6.248-6.248 16.379 0 22.627l104 104c6.249 6.25 16.379 6.25 22.628.001z\"><\/path><\/svg>\t\t\t\t\t\t<\/span>\n\t\t\t\t\t\t\t\t\t\t<span class=\"elementor-icon-list-text\"><b>IHRE BERUFLICHE KARRIERE,<\/b><br>VORANTREIBEN M\u00d6CHTEN<\/span>\n\t\t\t\t\t\t\t\t\t<\/li>\n\t\t\t\t\t\t\t\t<li class=\"elementor-icon-list-item\">\n\t\t\t\t\t\t\t\t\t\t\t<span class=\"elementor-icon-list-icon\">\n\t\t\t\t\t\t\t<svg aria-hidden=\"true\" class=\"e-font-icon-svg e-fas-check-square\" viewBox=\"0 0 448 512\" xmlns=\"http:\/\/www.w3.org\/2000\/svg\"><path d=\"M400 480H48c-26.51 0-48-21.49-48-48V80c0-26.51 21.49-48 48-48h352c26.51 0 48 21.49 48 48v352c0 26.51-21.49 48-48 48zm-204.686-98.059l184-184c6.248-6.248 6.248-16.379 0-22.627l-22.627-22.627c-6.248-6.248-16.379-6.249-22.628 0L184 302.745l-70.059-70.059c-6.248-6.248-16.379-6.248-22.628 0l-22.627 22.627c-6.248 6.248-6.248 16.379 0 22.627l104 104c6.249 6.25 16.379 6.25 22.628.001z\"><\/path><\/svg>\t\t\t\t\t\t<\/span>\n\t\t\t\t\t\t\t\t\t\t<span class=\"elementor-icon-list-text\"><b>IHRE ZUKUNFT,<\/b><br>IN DIE HAND NEHMEN M\u00d6CHTEN<\/span>\n\t\t\t\t\t\t\t\t\t<\/li>\n\t\t\t\t\t\t\t\t<li class=\"elementor-icon-list-item\">\n\t\t\t\t\t\t\t\t\t\t\t<span class=\"elementor-icon-list-icon\">\n\t\t\t\t\t\t\t<svg aria-hidden=\"true\" class=\"e-font-icon-svg e-fas-check-square\" viewBox=\"0 0 448 512\" xmlns=\"http:\/\/www.w3.org\/2000\/svg\"><path d=\"M400 480H48c-26.51 0-48-21.49-48-48V80c0-26.51 21.49-48 48-48h352c26.51 0 48 21.49 48 48v352c0 26.51-21.49 48-48 48zm-204.686-98.059l184-184c6.248-6.248 6.248-16.379 0-22.627l-22.627-22.627c-6.248-6.248-16.379-6.249-22.628 0L184 302.745l-70.059-70.059c-6.248-6.248-16.379-6.248-22.628 0l-22.627 22.627c-6.248 6.248-6.248 16.379 0 22.627l104 104c6.249 6.25 16.379 6.25 22.628.001z\"><\/path><\/svg>\t\t\t\t\t\t<\/span>\n\t\t\t\t\t\t\t\t\t\t<span class=\"elementor-icon-list-text\"><b>DIE GEHEIMNISSE DER,<\/b><br>GROSSEN KOMPLIKATIONEN ERGR\u00dcNDEN M\u00d6CHTEN<\/span>\n\t\t\t\t\t\t\t\t\t<\/li>\n\t\t\t\t\t\t<\/ul>\n\t\t\t\t\t\t<\/div>\n\t\t\t\t<\/div>\n\t\t\t\t<\/div>\n\t\t\t\t\t<\/div>\n\t\t\t\t<\/div>\n\t\t\t\t<\/div>\n\t\t","protected":false},"excerpt":{"rendered":"<p>\u00dcBER DIE SCHULE WATCH SALES ACADEMY GESCHICHTE DER SCHULE Der erste Lehrgang startete im Oktober 2004 in La Chaux-de-Fonds. Heute befindet sich die Schule im Herzen von Le Locle. Das Reglement wurde vom SBFI am 1. Oktober 2007 verabschiedet. Der eidgen\u00f6ssische Fachausweis ist aus einer Initiative des AMS (Verband der Uhrenhersteller und des Uhrenfachhandels der [&hellip;]<\/p>\n","protected":false},"author":1,"featured_media":0,"parent":0,"menu_order":0,"comment_status":"closed","ping_status":"closed","template":"","meta":{"_acf_changed":false,"footnotes":""},"class_list":["post-243","page","type-page","status-publish","hentry"],"acf":[],"yoast_head":"<!-- This site is optimized with the Yoast SEO plugin v27.1.1 - https:\/\/yoast.com\/product\/yoast-seo-wordpress\/ -->\n<title>GESCHICHTE DER SCHULE - Watch Sales Academy<\/title>\n<meta name=\"robots\" content=\"index, follow, max-snippet:-1, max-image-preview:large, max-video-preview:-1\" \/>\n<link rel=\"canonical\" href=\"https:\/\/watchsalesacademy.ch\/de\/ueber-die-schule\/\" \/>\n<meta property=\"og:locale\" content=\"de_DE\" \/>\n<meta property=\"og:type\" content=\"article\" \/>\n<meta property=\"og:title\" content=\"GESCHICHTE DER SCHULE - Watch Sales Academy\" \/>\n<meta property=\"og:description\" content=\"\u00dcBER DIE SCHULE WATCH SALES ACADEMY GESCHICHTE DER SCHULE Der erste Lehrgang startete im Oktober 2004 in La Chaux-de-Fonds. Heute befindet sich die Schule im Herzen von Le Locle. Das Reglement wurde vom SBFI am 1. Oktober 2007 verabschiedet. Der eidgen\u00f6ssische Fachausweis ist aus einer Initiative des AMS (Verband der Uhrenhersteller und des Uhrenfachhandels der [&hellip;]\" \/>\n<meta property=\"og:url\" content=\"https:\/\/watchsalesacademy.ch\/de\/ueber-die-schule\/\" \/>\n<meta property=\"og:site_name\" content=\"Watch Sales Academy\" \/>\n<meta property=\"article:modified_time\" content=\"2025-07-09T15:28:32+00:00\" \/>\n<meta name=\"twitter:card\" content=\"summary_large_image\" \/>\n<meta name=\"twitter:label1\" content=\"Gesch\u00e4tzte Lesezeit\" \/>\n\t<meta name=\"twitter:data1\" content=\"2\u00a0Minuten\" \/>\n<script type=\"application\/ld+json\" class=\"yoast-schema-graph\">{\"@context\":\"https:\/\/schema.org\",\"@graph\":[{\"@type\":\"WebPage\",\"@id\":\"https:\/\/watchsalesacademy.ch\/de\/ueber-die-schule\/\",\"url\":\"https:\/\/watchsalesacademy.ch\/de\/ueber-die-schule\/\",\"name\":\"GESCHICHTE DER SCHULE - Watch Sales Academy\",\"isPartOf\":{\"@id\":\"https:\/\/watchsalesacademy.ch\/#website\"},\"datePublished\":\"2025-01-26T20:32:56+00:00\",\"dateModified\":\"2025-07-09T15:28:32+00:00\",\"breadcrumb\":{\"@id\":\"https:\/\/watchsalesacademy.ch\/de\/ueber-die-schule\/#breadcrumb\"},\"inLanguage\":\"de\",\"potentialAction\":[{\"@type\":\"ReadAction\",\"target\":[\"https:\/\/watchsalesacademy.ch\/de\/ueber-die-schule\/\"]}]},{\"@type\":\"BreadcrumbList\",\"@id\":\"https:\/\/watchsalesacademy.ch\/de\/ueber-die-schule\/#breadcrumb\",\"itemListElement\":[{\"@type\":\"ListItem\",\"position\":1,\"name\":\"Accueil\",\"item\":\"https:\/\/watchsalesacademy.ch\/de\/home-2\/\"},{\"@type\":\"ListItem\",\"position\":2,\"name\":\"GESCHICHTE DER SCHULE\"}]},{\"@type\":\"WebSite\",\"@id\":\"https:\/\/watchsalesacademy.ch\/#website\",\"url\":\"https:\/\/watchsalesacademy.ch\/\",\"name\":\"Watch Sales Academy\",\"description\":\"\",\"publisher\":{\"@id\":\"https:\/\/watchsalesacademy.ch\/#organization\"},\"potentialAction\":[{\"@type\":\"SearchAction\",\"target\":{\"@type\":\"EntryPoint\",\"urlTemplate\":\"https:\/\/watchsalesacademy.ch\/?s={search_term_string}\"},\"query-input\":{\"@type\":\"PropertyValueSpecification\",\"valueRequired\":true,\"valueName\":\"search_term_string\"}}],\"inLanguage\":\"de\"},{\"@type\":\"Organization\",\"@id\":\"https:\/\/watchsalesacademy.ch\/#organization\",\"name\":\"Watch Sales Academy\",\"url\":\"https:\/\/watchsalesacademy.ch\/\",\"logo\":{\"@type\":\"ImageObject\",\"inLanguage\":\"de\",\"@id\":\"https:\/\/watchsalesacademy.ch\/#\/schema\/logo\/image\/\",\"url\":\"https:\/\/watchsalesacademy.ch\/wp-content\/uploads\/2025\/01\/logo-wsa.png\",\"contentUrl\":\"https:\/\/watchsalesacademy.ch\/wp-content\/uploads\/2025\/01\/logo-wsa.png\",\"width\":1123,\"height\":338,\"caption\":\"Watch Sales Academy\"},\"image\":{\"@id\":\"https:\/\/watchsalesacademy.ch\/#\/schema\/logo\/image\/\"},\"sameAs\":[\"https:\/\/ch.linkedin.com\/school\/watch-sales-academy\/\"]}]}<\/script>\n<!-- \/ Yoast SEO plugin. -->","yoast_head_json":{"title":"GESCHICHTE DER SCHULE - Watch Sales Academy","robots":{"index":"index","follow":"follow","max-snippet":"max-snippet:-1","max-image-preview":"max-image-preview:large","max-video-preview":"max-video-preview:-1"},"canonical":"https:\/\/watchsalesacademy.ch\/de\/ueber-die-schule\/","og_locale":"de_DE","og_type":"article","og_title":"GESCHICHTE DER SCHULE - Watch Sales Academy","og_description":"\u00dcBER DIE SCHULE WATCH SALES ACADEMY GESCHICHTE DER SCHULE Der erste Lehrgang startete im Oktober 2004 in La Chaux-de-Fonds. Heute befindet sich die Schule im Herzen von Le Locle. Das Reglement wurde vom SBFI am 1. Oktober 2007 verabschiedet. Der eidgen\u00f6ssische Fachausweis ist aus einer Initiative des AMS (Verband der Uhrenhersteller und des Uhrenfachhandels der [&hellip;]","og_url":"https:\/\/watchsalesacademy.ch\/de\/ueber-die-schule\/","og_site_name":"Watch Sales Academy","article_modified_time":"2025-07-09T15:28:32+00:00","twitter_card":"summary_large_image","twitter_misc":{"Gesch\u00e4tzte Lesezeit":"2\u00a0Minuten"},"schema":{"@context":"https:\/\/schema.org","@graph":[{"@type":"WebPage","@id":"https:\/\/watchsalesacademy.ch\/de\/ueber-die-schule\/","url":"https:\/\/watchsalesacademy.ch\/de\/ueber-die-schule\/","name":"GESCHICHTE DER SCHULE - Watch Sales Academy","isPartOf":{"@id":"https:\/\/watchsalesacademy.ch\/#website"},"datePublished":"2025-01-26T20:32:56+00:00","dateModified":"2025-07-09T15:28:32+00:00","breadcrumb":{"@id":"https:\/\/watchsalesacademy.ch\/de\/ueber-die-schule\/#breadcrumb"},"inLanguage":"de","potentialAction":[{"@type":"ReadAction","target":["https:\/\/watchsalesacademy.ch\/de\/ueber-die-schule\/"]}]},{"@type":"BreadcrumbList","@id":"https:\/\/watchsalesacademy.ch\/de\/ueber-die-schule\/#breadcrumb","itemListElement":[{"@type":"ListItem","position":1,"name":"Accueil","item":"https:\/\/watchsalesacademy.ch\/de\/home-2\/"},{"@type":"ListItem","position":2,"name":"GESCHICHTE DER SCHULE"}]},{"@type":"WebSite","@id":"https:\/\/watchsalesacademy.ch\/#website","url":"https:\/\/watchsalesacademy.ch\/","name":"Watch Sales Academy","description":"","publisher":{"@id":"https:\/\/watchsalesacademy.ch\/#organization"},"potentialAction":[{"@type":"SearchAction","target":{"@type":"EntryPoint","urlTemplate":"https:\/\/watchsalesacademy.ch\/?s={search_term_string}"},"query-input":{"@type":"PropertyValueSpecification","valueRequired":true,"valueName":"search_term_string"}}],"inLanguage":"de"},{"@type":"Organization","@id":"https:\/\/watchsalesacademy.ch\/#organization","name":"Watch Sales Academy","url":"https:\/\/watchsalesacademy.ch\/","logo":{"@type":"ImageObject","inLanguage":"de","@id":"https:\/\/watchsalesacademy.ch\/#\/schema\/logo\/image\/","url":"https:\/\/watchsalesacademy.ch\/wp-content\/uploads\/2025\/01\/logo-wsa.png","contentUrl":"https:\/\/watchsalesacademy.ch\/wp-content\/uploads\/2025\/01\/logo-wsa.png","width":1123,"height":338,"caption":"Watch Sales Academy"},"image":{"@id":"https:\/\/watchsalesacademy.ch\/#\/schema\/logo\/image\/"},"sameAs":["https:\/\/ch.linkedin.com\/school\/watch-sales-academy\/"]}]}},"_links":{"self":[{"href":"https:\/\/watchsalesacademy.ch\/de\/wp-json\/wp\/v2\/pages\/243","targetHints":{"allow":["GET"]}}],"collection":[{"href":"https:\/\/watchsalesacademy.ch\/de\/wp-json\/wp\/v2\/pages"}],"about":[{"href":"https:\/\/watchsalesacademy.ch\/de\/wp-json\/wp\/v2\/types\/page"}],"author":[{"embeddable":true,"href":"https:\/\/watchsalesacademy.ch\/de\/wp-json\/wp\/v2\/users\/1"}],"replies":[{"embeddable":true,"href":"https:\/\/watchsalesacademy.ch\/de\/wp-json\/wp\/v2\/comments?post=243"}],"version-history":[{"count":39,"href":"https:\/\/watchsalesacademy.ch\/de\/wp-json\/wp\/v2\/pages\/243\/revisions"}],"predecessor-version":[{"id":1651,"href":"https:\/\/watchsalesacademy.ch\/de\/wp-json\/wp\/v2\/pages\/243\/revisions\/1651"}],"wp:attachment":[{"href":"https:\/\/watchsalesacademy.ch\/de\/wp-json\/wp\/v2\/media?parent=243"}],"curies":[{"name":"wp","href":"https:\/\/api.w.org\/{rel}","templated":true}]}}